{"id":3,"date":"2022-05-18T11:28:26","date_gmt":"2022-05-18T11:28:26","guid":{"rendered":"https:\/\/targusecuiesc.eu\/?page_id=3"},"modified":"2022-11-14T19:39:43","modified_gmt":"2022-11-14T17:39:43","slug":"politica-de-confidentialitate","status":"publish","type":"page","link":"https:\/\/targusecuiesc.eu\/ro\/politica-de-confidentialitate\/","title":{"rendered":"Politica de confidentialitate"},"content":{"rendered":"\t\t<div data-elementor-type=\"wp-page\" data-elementor-id=\"3\" class=\"elementor elementor-3\" data-elementor-post-type=\"page\">\n\t\t\t\t\t\t<section class=\"elementor-section elementor-top-section elementor-element elementor-element-a3ddc46 elementor-section-boxed elementor-section-height-default elementor-section-height-default\" data-id=\"a3ddc46\" data-element_type=\"section\" data-e-type=\"section\">\n\t\t\t\t\t\t<div class=\"elementor-container elementor-column-gap-default\">\n\t\t\t\t\t<div class=\"elementor-column elementor-col-100 elementor-top-column elementor-element elementor-element-31ed6cd\" data-id=\"31ed6cd\" data-element_type=\"column\" data-e-type=\"column\">\n\t\t\t<div class=\"elementor-widget-wrap elementor-element-populated\">\n\t\t\t\t\t\t<div class=\"elementor-element elementor-element-e045c47 elementor-widget elementor-widget-heading\" data-id=\"e045c47\" data-element_type=\"widget\" data-e-type=\"widget\" data-widget_type=\"heading.default\">\n\t\t\t\t\t<h2 class=\"elementor-heading-title elementor-size-default\">Politica de confidentialitate<\/h2>\t\t\t\t<\/div>\n\t\t\t\t\t<\/div>\n\t\t<\/div>\n\t\t\t\t\t<\/div>\n\t\t<\/section>\n\t\t\t\t<section class=\"elementor-section elementor-top-section elementor-element elementor-element-5bc5c8b4 elementor-section-boxed elementor-section-height-default elementor-section-height-default\" data-id=\"5bc5c8b4\" data-element_type=\"section\" data-e-type=\"section\">\n\t\t\t\t\t\t<div class=\"elementor-container elementor-column-gap-default\">\n\t\t\t\t\t<div class=\"elementor-column elementor-col-100 elementor-top-column elementor-element elementor-element-1122c845\" data-id=\"1122c845\" data-element_type=\"column\" data-e-type=\"column\">\n\t\t\t<div class=\"elementor-widget-wrap elementor-element-populated\">\n\t\t\t\t\t\t<div class=\"elementor-element elementor-element-36a92785 elementor-widget elementor-widget-text-editor\" data-id=\"36a92785\" data-element_type=\"widget\" data-e-type=\"widget\" data-widget_type=\"text-editor.default\">\n\t\t\t\t\t\t\t\t\t<p class=\"p1\">Echipa <a href=\"https:\/\/targusecuiesc.eu\/pensiunea-pixel\/\">Pixel Guesthouse<\/a> SRL incearca sa protejeze cat mai mult dreptul la intimitate si la imagine al utilizatorilor site-ului. Ne propunem sa iti oferim tie, utilizatorului site-ului, o experienta online sigura,de aceea conexiunea este securizata SSL, care sa nu afecteze in mod negativ viata personala. In acest sens, depunem toate eforturile pentru a ne asigura ca informatiile pe care tu le introduci in baza noastra de date sunt folosite numai in scopurile pe care le ai in vedere.<\/p><p class=\"p1\"><br \/><b>Aria de acoperire a securitatii datelor cu caracter personal si a politicii \u201ecookie\u201d:\u00a0<\/b><br \/>Aria de acoperire a securitatii datelor cu caracter personal si a politicii \u201ecookie\u201d Acordul de confidentialitate privind politica securitatii datelor personale acopera modul in care sunt prelucrate datele cu caracter personal care te pot identifica cand utilizezi site-ul www.targusecuiesc.eu. De asemenea, se au in vedere si datele persoanelor juridice, partenere sau nu, care utilizeaza site-urile www.targusecuiesc.eu. Acest acord de confidentialitate furnizeaza informatii referitoare la \u201ecookie\u201d, utilizarea lor de catre terti si modul de dezactivare.<\/p><p class=\"p1\"><br \/><b>Informatii generale colectate de www.targusecuiesc.eu:\u00a0<\/b><br \/>In momentul inregistrarii pe site-ul www.targusecuiesc.eu, prin crearea unui cont, prin accesarea, comandarea sau achizitionarea diferitelor servicii www.targusecuiesc.eu, ori prin activarea unor materiale promotionale sau publicitare, <a href=\"https:\/\/targusecuiesc.eu\/cazare\/\">www.targusecuiesc.eu<\/a> va prelucra informatii cu caracter personal de natura sa identifice o anumita persoana.<br \/>In unele zone ale site-ului, www.targusecuiesc.eu iti cere sa furnizezi date personale, incluzand numele, adresa, adresa de e-mail, telefon, numarul cardului de credit, informatii de contact, informatii in vederea facturarii serviciilor www.targusecuiesc.eu si alte informatii prin care te pot identifica.<br \/>Crearea contului pe site-ul nostru si abonarea la serviciile noastre ne faciliteaza accesul la datele tale cu caracter personal. www.targusecuiesc.eu primeste, de asemenea, si inregistreaza pe serverele sale informatii referitoare la adresa IP si informatiile cookie a site-ului solicitat.<br \/>www.targusecuiesc.eu utilizeaza informatia stocata \u2013 detaliile furnizate de tine la inregistrare si activitatea desfasurata pe site-ul nostru \u2013 in scopul de a facilita accesul la acest site, de a imbunatati anumite produse si servicii si pentru a te informa referitor la ultimele produse si servicii de care esti interesat.<br \/>Pentru utilizatorii care au facut rezervari pe www.targusecuiesc.eu sau au creat un cont pe site si doresc sa nu mai primeasca informari pe adresa de email sau telefonic, este necesara trimiterea unui email la adresa pixelguesthouse@gmail.com cu titlul \u201cDezabonare comunicari Pixel Guesthouse srl\u201d iar datele tale vor fi sterse din sistem.<br \/>Pentru utilizatorii abonati la newsletter, dezabonarea se poate face direct din ultimul newsletter primit pe adresa de email stocata de www.targusecuiesc.eu. Dezabonarea se face automat.<\/p><p class=\"p1\"><br \/><b>Afisarea datelor personale in spatiile\/domeniile publice ale www.targusecuiesc.eu: <\/b><\/p><p class=\"p1\">Informatiile cu caracter personal postate de catre utilizatori in locurile\/spatiile publice apartinand www.targusecuiesc.eu, cum ar fi forum-uri, chat-uri, liste de discutii, blog-uri (existente sau viitoare) pot fi copiate si stocate de catre terti asupra carora www.targusecuiesc.eu nu are nici un control. Noi nu suntem responsabili pentru faptul ca terte parti utilizeaza informatii pe care le-ai postat sau le-ai facut disponibile in spatiile publice apartinand www.targusecuiesc.eu.<\/p><p class=\"p1\"><br \/><b>Colectarea si utilizarea datelor cu caracter personal de catre www.targusecuiesc.eu:<\/b><br \/>Noi utilizam informatiile stranse de pe site-urile www.targusecuiesc.eu, indiferent daca sunt date personale , demografice, colective sau tehnice, in scopul de a administra inregistrarea conturilor tale, de a solutiona intrebarile tale, de a imbunatati site-ul nostru, de a consulta utilizatorii in vederea cresterii calitatii produselor si serviciilor oferite. La inregistrarea in cont, ti-ai dat acordul asupra utilizarii datelor tale cu caracter personal pentru a fi informat prin e-mail sau alte forme de comunicare asupra actualizarii site-urilor web, noilor oportunitati oferite de www.targusecuiesc.eu si asupra informatiilor aditionale care sunt in interesul tau precum si newslettere cu informatii utile. Utilizarea datelor cu caracter personal de catre\u00a0www.targusecuiesc.eu este in conformitate cu reglementarile legale in vigoare in legatura cu protectia persoanelor cu privire la prelucrarea datelor cu caracter personal si libera circulatie a acestor date. www.targusecuiesc.eu si terte parti (inclusiv Google) afiseaza anunturile www.targusecuiesc.eu pe paginile web vizitate. Furnizorii terta parte, inclusiv Google, utilizeaza module cookie pentru a difuza anunturi pe baza vizitelor anterioare ale unui utilizator pe site-ul web www.targusecuiesc.eu<\/p><p class=\"p1\"><br \/><b>Dezvaluirea si transmiterea informatiilor cu caracter personal:<\/b><br \/>www.targusecuiesc.eu nu va transmite (prin vanzare sau inchiriere) catre terte parti informatiile dvs. cu caracter personal. www.targusecuiesc.eu poate, totusi, transmite informatia tertilor in urmatoarele cazuri:<\/p><ul class=\"ul1\"><li class=\"li2\"><span class=\"s2\">\u2013 Cu acordul tau;<\/span><\/li><li class=\"li2\"><span class=\"s2\">Daca este necesara transmiterea unor informatii in vederea furnizarii produselor si serviciilor solicitate de dvs. \u2013 In cazul in care informatia e necesara partenerilor companiei pentru imbunatatirea sau facilitarea unor servicii sau produse solicitate de tine. Companiile partenere au dreptul de a utiliza datele cu caracter personal furnizate direct de www.targusecuiesc.eu doar in masura in care este necesara asistenta lor.<\/span><\/li><\/ul><p class=\"p1\">Putem transmite informatii cu caracter personal autoritatilor sau institutiilor publice conform prevederilor legale sau bunei-credinte daca:<\/p><ul class=\"ul1\"><li class=\"li2\"><span class=\"s2\">(1) e prevazut intr-o dispozitie legala;<\/span><\/li><li class=\"li2\"><span class=\"s2\">(2) protejeaza drepturile companiei www.targusecuiesc.eu sau ale companiilor afiliate;<\/span><\/li><li class=\"li2\"><span class=\"s2\">(3) previne o infractiune sau protejeaza siguranta nationala;<\/span><\/li><li class=\"li2\"><span class=\"s2\">(4) protejeaza siguranta individului sau siguranta publica;<\/span><\/li><li class=\"li2\"><span class=\"s2\">(5) aceste informatii sunt necesare in vederea rezolvarii diferitelor situatii.<\/span><\/li><li class=\"li2\"><span class=\"s2\">In cazul in care activitatile tale contravin termenilor si conditiilor statuate de www.targusecuiesc.eu, sau a instructiunilor pentru utilizarea anumitor produse si servicii.<\/span><\/li><li class=\"li2\"><span class=\"s2\">In cazul in care www.targusecuiesc.eu fuzioneaza sau e achizitionata total sau partial de o alta companie, iar baza de date e transferata noului operator.<\/span><\/li><li class=\"li2\"><span class=\"s2\">\u00a0In cazul in care www.targusecuiesc.eu devine insolvabila, voluntar sau involuntar, prin lichidatorul, administratorul sau cumparatorul, baza de date poate fi vanduta, autorizata, tranzactionata doar cu acordul instantei. In cazul in care vor aparea situatii mentionate mai sus, veti fi anuntati prin e-mail sau printr-un anunt postat pe site-urile www.targusecuiesc.eu.<\/span><\/li><\/ul><p class=\"p1\"><b>Dreptul tau de a va modifica si sterge datele detinute de operator:\u00a0<\/b><br \/>www.targusecuiesc.eu confera dreptul utilizatorului de a modifica datele de contact pe care le-ai inregistrat, unele aspectele de care esti interesat, incluzand noile informatii despre produse si servicii lansate. De asemenea, poti sa soliciti operatorului stergerea datelor oricand. Utilizatorii pot dezactiva folosirea modulelor cookie de c\u0103tre Google, accesand <span class=\"s3\">pagina de dezactivare a modulului cookie de publicitate Google<\/span>\u00a0sau accesand\u00a0<a href=\"http:\/\/www.networkadvertising.org\/managing\/opt_out.asp\"><span class=\"s3\">pagina de dezactivare Network Advertising Initiative<\/span><\/a><\/p><p class=\"p1\"><br \/><b>Securitatea datelor:\u00a0<\/b><br \/>Pentru confidentialitatea si securitatea datelor, contul tau este protejat de parola; www.targusecuiesc.eu face toate eforturile necesare si foloseste ultimile tehnologii disponibile pentru a asigura protectia si securitatea datelor.<\/p><p class=\"p1\"><br \/><b>Cookies:\u00a0<\/b><br \/>Pentru a-ti oferi o navigare cat mai fluida pe site-urile www.targusecuiesc.eu, folosim o facilitate a browserului Internet numita \u201ecookie\u201d. Cookies sunt fisiere de dimensiuni reduse pe care browserul le plaseaza pe hard-diskul utilizatorului. Aceste cookies sunt folosite pentru a memora numele utilizatorilor, parolele si preferintele, pentru a monitoriza parcursuri pe site, si pentru a personaliza paginile in functie de vizitator. Ai optiunea de a seta browserul astfel incat sa respinga cookies. In acest caz insa, va exista un impact negativ asupra navigarii pe site-ul nostru. Posibile Cookie-uri folosite :<\/p><ul class=\"ul1\"><li class=\"li2\"><span class=\"s2\">Facebook<\/span><\/li><li class=\"li2\"><span class=\"s2\">Google Analitycs<\/span><\/li><\/ul><p class=\"p3\"><b>Feedback:<\/b><br \/>www.targusecuiesc.eu ofera posibilitatea utilizatorilor site-ului de a trimite comentarii, intrebari si sugestii. Orice informatie care este trimisa prin intermediul formularelor de contact va fi folosita tinand cont de dreptul la confidentialitate si la imagine al persoanelor.<\/p><p class=\"p3\"><br \/><b>Modificari ale politicii de confidentialitate:<\/b><br \/>Daca vom considera ca este necesara o schimbare a regulilor de confidentialitate, vom publica respectivele modificari in aceasta pagina pentru a te informa cu privire la tipurile de informatii pe care le colectam si modul in care le utilizam. Daca ai intrebari cu privire la politica noastra de confidentialitate, te rugam sa ne scrii pe e-mail. Iti multumim ca folosesti \u00a0serviciile www.targusecuiesc.eu. Te asiguram ca vom incerca sa iti oferim intotdeauna cele mai bune servicii.<\/p>\t\t\t\t\t\t\t\t<\/div>\n\t\t\t\t\t<\/div>\n\t\t<\/div>\n\t\t\t\t\t<\/div>\n\t\t<\/section>\n\t\t\t\t<\/div>\n\t\t","protected":false},"excerpt":{"rendered":"<p>Politica de confidentialitate Echipa Pixel Guesthouse SRL incearca sa protejeze cat mai mult dreptul la intimitate si la imagine al utilizatorilor site-ului. Ne propunem sa iti oferim tie, utilizatorului site-ului, o experienta online sigura,de aceea conexiunea este securizata SSL, care sa nu afecteze in mod negativ viata personala. In acest sens, depunem toate eforturile pentru [&hellip;]<\/p>\n","protected":false},"author":1,"featured_media":0,"parent":0,"menu_order":0,"comment_status":"closed","ping_status":"open","template":"","meta":{"ocean_post_layout":"","ocean_both_sidebars_style":"","ocean_both_sidebars_content_width":0,"ocean_both_sidebars_sidebars_width":0,"ocean_sidebar":"","ocean_second_sidebar":"","ocean_disable_margins":"enable","ocean_add_body_class":"","ocean_shortcode_before_top_bar":"","ocean_shortcode_after_top_bar":"","ocean_shortcode_before_header":"","ocean_shortcode_after_header":"","ocean_has_shortcode":"","ocean_shortcode_after_title":"","ocean_shortcode_before_footer_widgets":"","ocean_shortcode_after_footer_widgets":"","ocean_shortcode_before_footer_bottom":"","ocean_shortcode_after_footer_bottom":"","ocean_display_top_bar":"default","ocean_display_header":"default","ocean_header_style":"","ocean_center_header_left_menu":"","ocean_custom_header_template":"","ocean_custom_logo":0,"ocean_custom_retina_logo":0,"ocean_custom_logo_max_width":0,"ocean_custom_logo_tablet_max_width":0,"ocean_custom_logo_mobile_max_width":0,"ocean_custom_logo_max_height":0,"ocean_custom_logo_tablet_max_height":0,"ocean_custom_logo_mobile_max_height":0,"ocean_header_custom_menu":"","ocean_menu_typo_font_family":"","ocean_menu_typo_font_subset":"","ocean_menu_typo_font_size":0,"ocean_menu_typo_font_size_tablet":0,"ocean_menu_typo_font_size_mobile":0,"ocean_menu_typo_font_size_unit":"px","ocean_menu_typo_font_weight":"","ocean_menu_typo_font_weight_tablet":"","ocean_menu_typo_font_weight_mobile":"","ocean_menu_typo_transform":"","ocean_menu_typo_transform_tablet":"","ocean_menu_typo_transform_mobile":"","ocean_menu_typo_line_height":0,"ocean_menu_typo_line_height_tablet":0,"ocean_menu_typo_line_height_mobile":0,"ocean_menu_typo_line_height_unit":"","ocean_menu_typo_spacing":0,"ocean_menu_typo_spacing_tablet":0,"ocean_menu_typo_spacing_mobile":0,"ocean_menu_typo_spacing_unit":"","ocean_menu_link_color":"","ocean_menu_link_color_hover":"","ocean_menu_link_color_active":"","ocean_menu_link_background":"","ocean_menu_link_hover_background":"","ocean_menu_link_active_background":"","ocean_menu_social_links_bg":"","ocean_menu_social_hover_links_bg":"","ocean_menu_social_links_color":"","ocean_menu_social_hover_links_color":"","ocean_disable_title":"default","ocean_disable_heading":"default","ocean_post_title":"","ocean_post_subheading":"","ocean_post_title_style":"","ocean_post_title_background_color":"","ocean_post_title_background":0,"ocean_post_title_bg_image_position":"","ocean_post_title_bg_image_attachment":"","ocean_post_title_bg_image_repeat":"","ocean_post_title_bg_image_size":"","ocean_post_title_height":0,"ocean_post_title_bg_overlay":0.5,"ocean_post_title_bg_overlay_color":"","ocean_disable_breadcrumbs":"default","ocean_breadcrumbs_color":"","ocean_breadcrumbs_separator_color":"","ocean_breadcrumbs_links_color":"","ocean_breadcrumbs_links_hover_color":"","ocean_display_footer_widgets":"default","ocean_display_footer_bottom":"default","ocean_custom_footer_template":"","_joinchat":[],"footnotes":""},"class_list":["post-3","page","type-page","status-publish","hentry","entry"],"yoast_head":"<!-- This site is optimized with the Yoast SEO plugin v27.3 - https:\/\/yoast.com\/product\/yoast-seo-wordpress\/ -->\n<title>Politica de confidentialitate - Cazare \u00een T\u00e2rgu Secueisc<\/title>\n<meta name=\"robots\" content=\"index, follow, max-snippet:-1, max-image-preview:large, max-video-preview:-1\" \/>\n<link rel=\"canonical\" href=\"https:\/\/targusecuiesc.eu\/ro\/politica-de-confidentialitate\/\" \/>\n<meta property=\"og:locale\" content=\"ro_RO\" \/>\n<meta property=\"og:type\" content=\"article\" \/>\n<meta property=\"og:title\" content=\"Politica de confidentialitate - Cazare \u00een T\u00e2rgu Secueisc\" \/>\n<meta property=\"og:description\" content=\"Politica de confidentialitate Echipa Pixel Guesthouse SRL incearca sa protejeze cat mai mult dreptul la intimitate si la imagine al utilizatorilor site-ului. Ne propunem sa iti oferim tie, utilizatorului site-ului, o experienta online sigura,de aceea conexiunea este securizata SSL, care sa nu afecteze in mod negativ viata personala. In acest sens, depunem toate eforturile pentru [&hellip;]\" \/>\n<meta property=\"og:url\" content=\"https:\/\/targusecuiesc.eu\/ro\/politica-de-confidentialitate\/\" \/>\n<meta property=\"og:site_name\" content=\"Cazare \u00een T\u00e2rgu Secueisc\" \/>\n<meta property=\"article:modified_time\" content=\"2022-11-14T17:39:43+00:00\" \/>\n<meta name=\"twitter:card\" content=\"summary_large_image\" \/>\n<meta name=\"twitter:label1\" content=\"Timp estimat pentru citire\" \/>\n\t<meta name=\"twitter:data1\" content=\"7 minute\" \/>\n<script type=\"application\/ld+json\" class=\"yoast-schema-graph\">{\"@context\":\"https:\\\/\\\/schema.org\",\"@graph\":[{\"@type\":\"WebPage\",\"@id\":\"https:\\\/\\\/targusecuiesc.eu\\\/politica-de-confidentialitate\\\/\",\"url\":\"https:\\\/\\\/targusecuiesc.eu\\\/politica-de-confidentialitate\\\/\",\"name\":\"Politica de confidentialitate - Cazare \u00een T\u00e2rgu Secueisc\",\"isPartOf\":{\"@id\":\"https:\\\/\\\/targusecuiesc.eu\\\/#website\"},\"datePublished\":\"2022-05-18T11:28:26+00:00\",\"dateModified\":\"2022-11-14T17:39:43+00:00\",\"breadcrumb\":{\"@id\":\"https:\\\/\\\/targusecuiesc.eu\\\/politica-de-confidentialitate\\\/#breadcrumb\"},\"inLanguage\":\"ro-RO\",\"potentialAction\":[{\"@type\":\"ReadAction\",\"target\":[\"https:\\\/\\\/targusecuiesc.eu\\\/politica-de-confidentialitate\\\/\"]}]},{\"@type\":\"BreadcrumbList\",\"@id\":\"https:\\\/\\\/targusecuiesc.eu\\\/politica-de-confidentialitate\\\/#breadcrumb\",\"itemListElement\":[{\"@type\":\"ListItem\",\"position\":1,\"name\":\"Prima pagin\u0103\",\"item\":\"https:\\\/\\\/targusecuiesc.eu\\\/\"},{\"@type\":\"ListItem\",\"position\":2,\"name\":\"Politica de confidentialitate\"}]},{\"@type\":\"WebSite\",\"@id\":\"https:\\\/\\\/targusecuiesc.eu\\\/#website\",\"url\":\"https:\\\/\\\/targusecuiesc.eu\\\/\",\"name\":\"Cazare \u00een T\u00e2rgu Secueisc\",\"description\":\"Te afli \u00een c\u0103utarea unui loc potrivit de cazare \u00een T\u00e2rgu Secuiesc?\",\"publisher\":{\"@id\":\"https:\\\/\\\/targusecuiesc.eu\\\/#organization\"},\"alternateName\":\"Te afli in cautarea unui loc potrivit de cazare in Targu Secuiesc?\",\"potentialAction\":[{\"@type\":\"SearchAction\",\"target\":{\"@type\":\"EntryPoint\",\"urlTemplate\":\"https:\\\/\\\/targusecuiesc.eu\\\/?s={search_term_string}\"},\"query-input\":{\"@type\":\"PropertyValueSpecification\",\"valueRequired\":true,\"valueName\":\"search_term_string\"}}],\"inLanguage\":\"ro-RO\"},{\"@type\":\"Organization\",\"@id\":\"https:\\\/\\\/targusecuiesc.eu\\\/#organization\",\"name\":\"Cazare \u00een T\u00e2rgu Secueisc\",\"alternateName\":\"Te afli in cautarea unui loc potrivit de cazare in Targu Secuiesc?\",\"url\":\"https:\\\/\\\/targusecuiesc.eu\\\/\",\"logo\":{\"@type\":\"ImageObject\",\"inLanguage\":\"ro-RO\",\"@id\":\"https:\\\/\\\/targusecuiesc.eu\\\/#\\\/schema\\\/logo\\\/image\\\/\",\"url\":\"https:\\\/\\\/targusecuiesc.eu\\\/wp-content\\\/uploads\\\/2022\\\/05\\\/cropped-targu-secuiesc-1-e1653031917947.png\",\"contentUrl\":\"https:\\\/\\\/targusecuiesc.eu\\\/wp-content\\\/uploads\\\/2022\\\/05\\\/cropped-targu-secuiesc-1-e1653031917947.png\",\"width\":512,\"height\":512,\"caption\":\"Cazare \u00een T\u00e2rgu Secueisc\"},\"image\":{\"@id\":\"https:\\\/\\\/targusecuiesc.eu\\\/#\\\/schema\\\/logo\\\/image\\\/\"}}]}<\/script>\n<!-- \/ Yoast SEO plugin. -->","yoast_head_json":{"title":"Politica de confidentialitate - Cazare \u00een T\u00e2rgu Secueisc","robots":{"index":"index","follow":"follow","max-snippet":"max-snippet:-1","max-image-preview":"max-image-preview:large","max-video-preview":"max-video-preview:-1"},"canonical":"https:\/\/targusecuiesc.eu\/ro\/politica-de-confidentialitate\/","og_locale":"ro_RO","og_type":"article","og_title":"Politica de confidentialitate - Cazare \u00een T\u00e2rgu Secueisc","og_description":"Politica de confidentialitate Echipa Pixel Guesthouse SRL incearca sa protejeze cat mai mult dreptul la intimitate si la imagine al utilizatorilor site-ului. Ne propunem sa iti oferim tie, utilizatorului site-ului, o experienta online sigura,de aceea conexiunea este securizata SSL, care sa nu afecteze in mod negativ viata personala. In acest sens, depunem toate eforturile pentru [&hellip;]","og_url":"https:\/\/targusecuiesc.eu\/ro\/politica-de-confidentialitate\/","og_site_name":"Cazare \u00een T\u00e2rgu Secueisc","article_modified_time":"2022-11-14T17:39:43+00:00","twitter_card":"summary_large_image","twitter_misc":{"Timp estimat pentru citire":"7 minute"},"schema":{"@context":"https:\/\/schema.org","@graph":[{"@type":"WebPage","@id":"https:\/\/targusecuiesc.eu\/politica-de-confidentialitate\/","url":"https:\/\/targusecuiesc.eu\/politica-de-confidentialitate\/","name":"Politica de confidentialitate - Cazare \u00een T\u00e2rgu Secueisc","isPartOf":{"@id":"https:\/\/targusecuiesc.eu\/#website"},"datePublished":"2022-05-18T11:28:26+00:00","dateModified":"2022-11-14T17:39:43+00:00","breadcrumb":{"@id":"https:\/\/targusecuiesc.eu\/politica-de-confidentialitate\/#breadcrumb"},"inLanguage":"ro-RO","potentialAction":[{"@type":"ReadAction","target":["https:\/\/targusecuiesc.eu\/politica-de-confidentialitate\/"]}]},{"@type":"BreadcrumbList","@id":"https:\/\/targusecuiesc.eu\/politica-de-confidentialitate\/#breadcrumb","itemListElement":[{"@type":"ListItem","position":1,"name":"Prima pagin\u0103","item":"https:\/\/targusecuiesc.eu\/"},{"@type":"ListItem","position":2,"name":"Politica de confidentialitate"}]},{"@type":"WebSite","@id":"https:\/\/targusecuiesc.eu\/#website","url":"https:\/\/targusecuiesc.eu\/","name":"Cazare \u00een T\u00e2rgu Secueisc","description":"Te afli \u00een c\u0103utarea unui loc potrivit de cazare \u00een T\u00e2rgu Secuiesc?","publisher":{"@id":"https:\/\/targusecuiesc.eu\/#organization"},"alternateName":"Te afli in cautarea unui loc potrivit de cazare in Targu Secuiesc?","potentialAction":[{"@type":"SearchAction","target":{"@type":"EntryPoint","urlTemplate":"https:\/\/targusecuiesc.eu\/?s={search_term_string}"},"query-input":{"@type":"PropertyValueSpecification","valueRequired":true,"valueName":"search_term_string"}}],"inLanguage":"ro-RO"},{"@type":"Organization","@id":"https:\/\/targusecuiesc.eu\/#organization","name":"Cazare \u00een T\u00e2rgu Secueisc","alternateName":"Te afli in cautarea unui loc potrivit de cazare in Targu Secuiesc?","url":"https:\/\/targusecuiesc.eu\/","logo":{"@type":"ImageObject","inLanguage":"ro-RO","@id":"https:\/\/targusecuiesc.eu\/#\/schema\/logo\/image\/","url":"https:\/\/targusecuiesc.eu\/wp-content\/uploads\/2022\/05\/cropped-targu-secuiesc-1-e1653031917947.png","contentUrl":"https:\/\/targusecuiesc.eu\/wp-content\/uploads\/2022\/05\/cropped-targu-secuiesc-1-e1653031917947.png","width":512,"height":512,"caption":"Cazare \u00een T\u00e2rgu Secueisc"},"image":{"@id":"https:\/\/targusecuiesc.eu\/#\/schema\/logo\/image\/"}}]}},"_links":{"self":[{"href":"https:\/\/targusecuiesc.eu\/ro\/wp-json\/wp\/v2\/pages\/3","targetHints":{"allow":["GET"]}}],"collection":[{"href":"https:\/\/targusecuiesc.eu\/ro\/wp-json\/wp\/v2\/pages"}],"about":[{"href":"https:\/\/targusecuiesc.eu\/ro\/wp-json\/wp\/v2\/types\/page"}],"author":[{"embeddable":true,"href":"https:\/\/targusecuiesc.eu\/ro\/wp-json\/wp\/v2\/users\/1"}],"replies":[{"embeddable":true,"href":"https:\/\/targusecuiesc.eu\/ro\/wp-json\/wp\/v2\/comments?post=3"}],"version-history":[{"count":0,"href":"https:\/\/targusecuiesc.eu\/ro\/wp-json\/wp\/v2\/pages\/3\/revisions"}],"wp:attachment":[{"href":"https:\/\/targusecuiesc.eu\/ro\/wp-json\/wp\/v2\/media?parent=3"}],"curies":[{"name":"wp","href":"https:\/\/api.w.org\/{rel}","templated":true}]}}