{"id":1644,"date":"2022-11-14T10:51:12","date_gmt":"2022-11-14T08:51:12","guid":{"rendered":"https:\/\/targusecuiesc.eu\/?page_id=1644"},"modified":"2025-05-30T16:50:24","modified_gmt":"2025-05-30T13:50:24","slug":"fizetesi-modok","status":"publish","type":"page","link":"https:\/\/targusecuiesc.eu\/hu\/modalitati-de-plata\/","title":{"rendered":"Fizet\u00e9si m\u00f3dok"},"content":{"rendered":"<h2>Fizet\u00e9si m\u00f3dok<\/h2>\n<ul>\n<li>Banki \u00e1tutal\u00e1s<\/li>\n<li>K\u00e1rty\u00e1s fizet\u00e9s az EuPlatesc platformon kereszt\u00fcl<\/li>\n<li><a href=\"https:\/\/targusecuiesc.eu\/hu\/szallasra\/\">\u00dcd\u00fcl\u00e9si csekk (k\u00e1rtya)<\/a>: Sodexo, Up Romania, Edenred<\/li>\n<\/ul>\n<p><b>Az EuPlatesc VivaWallet seg\u00edts\u00e9g\u00e9vel feldolgozott biztons\u00e1gos fizet\u00e9sek<\/b><\/p>\n<p>Az online \u00e9lm\u00e9nyek\u00e9rt val\u00f3 fizet\u00e9s bankk\u00e1rty\u00e1val biztons\u00e1gosan t\u00f6rt\u00e9nik az EuPlatesc biztons\u00e1gos platformj\u00e1n kereszt\u00fcl, <b>VivaWallet<\/b>. A Pixel Guesthouse SRL semmilyen m\u00f3don nem kezeli az \u00fcgyf\u00e9l k\u00e1rtyaadatait, \u00edgy a tranzakci\u00f3 megfelel\u0151 lebonyol\u00edt\u00e1sa \u00e9rdek\u00e9ben az EuPlatesc fizet\u00e9si platformra ker\u00fcl \u00e1t, <b>VivaWallet<\/b> ahol biztons\u00e1gosan megadja a tranzakci\u00f3 enged\u00e9lyez\u00e9s\u00e9hez sz\u00fcks\u00e9ges adatokat.<\/p>\n<p><strong>Lemond\u00e1si szab\u00e1lyzat<\/strong><\/p>\n<p>Oaspetele va fi taxat cu pre\u021bul total al rezerv\u0103rii dac\u0103 anuleaz\u0103 \u00een orice moment.<\/p>\n<p style=\"text-align: right;\">Dac\u0103 oaspetele nu se prezint\u0103, i se va percepe pre\u021bul total al avansului.<\/p>\n<p><span style=\"color: #333333; font-size: 18px; font-weight: 600;\"><br \/>\nC\u00e9gadatok:<\/span><\/p>\n<p><b>Pixel Guesthouse S.R.L.<\/b><\/p>\n<p><b>C\u00edm:<\/b>\u00a0Arany Jannos utca, 6. sz\u00e1m, Targu Secuiesc<\/p>\n<p><b>Kontakt<\/b>\u00a0pixelguesthouse@gmail.com<\/p>\n<p><b>CUI:\u00a0<\/b>44236845<\/p>","protected":false},"excerpt":{"rendered":"<p>Modalitati de plata Transfer bancar Plata cu cardul prin intermediul platformei EuPlatesc Tichet (card) de vacanta: Sodexo, Up Romania, Edenred Plati securizate, procesate prin EuPlatesc VivaWallet Plata experientelor online folosind card bancarse face in deplina siguranta prin intermediul platformei securizate EuPlatesc, VivaWallet. Pixel Guesthouse SRL nu proceseaza in nici un fel datele cardurilor clientilor, astfel [&hellip;]<\/p>\n","protected":false},"author":1,"featured_media":0,"parent":0,"menu_order":0,"comment_status":"closed","ping_status":"closed","template":"","meta":{"ocean_post_layout":"","ocean_both_sidebars_style":"","ocean_both_sidebars_content_width":0,"ocean_both_sidebars_sidebars_width":0,"ocean_sidebar":"","ocean_second_sidebar":"","ocean_disable_margins":"enable","ocean_add_body_class":"","ocean_shortcode_before_top_bar":"","ocean_shortcode_after_top_bar":"","ocean_shortcode_before_header":"","ocean_shortcode_after_header":"","ocean_has_shortcode":"","ocean_shortcode_after_title":"","ocean_shortcode_before_footer_widgets":"","ocean_shortcode_after_footer_widgets":"","ocean_shortcode_before_footer_bottom":"","ocean_shortcode_after_footer_bottom":"","ocean_display_top_bar":"default","ocean_display_header":"default","ocean_header_style":"","ocean_center_header_left_menu":"","ocean_custom_header_template":"","ocean_custom_logo":0,"ocean_custom_retina_logo":0,"ocean_custom_logo_max_width":0,"ocean_custom_logo_tablet_max_width":0,"ocean_custom_logo_mobile_max_width":0,"ocean_custom_logo_max_height":0,"ocean_custom_logo_tablet_max_height":0,"ocean_custom_logo_mobile_max_height":0,"ocean_header_custom_menu":"","ocean_menu_typo_font_family":"","ocean_menu_typo_font_subset":"","ocean_menu_typo_font_size":0,"ocean_menu_typo_font_size_tablet":0,"ocean_menu_typo_font_size_mobile":0,"ocean_menu_typo_font_size_unit":"px","ocean_menu_typo_font_weight":"","ocean_menu_typo_font_weight_tablet":"","ocean_menu_typo_font_weight_mobile":"","ocean_menu_typo_transform":"","ocean_menu_typo_transform_tablet":"","ocean_menu_typo_transform_mobile":"","ocean_menu_typo_line_height":0,"ocean_menu_typo_line_height_tablet":0,"ocean_menu_typo_line_height_mobile":0,"ocean_menu_typo_line_height_unit":"","ocean_menu_typo_spacing":0,"ocean_menu_typo_spacing_tablet":0,"ocean_menu_typo_spacing_mobile":0,"ocean_menu_typo_spacing_unit":"","ocean_menu_link_color":"","ocean_menu_link_color_hover":"","ocean_menu_link_color_active":"","ocean_menu_link_background":"","ocean_menu_link_hover_background":"","ocean_menu_link_active_background":"","ocean_menu_social_links_bg":"","ocean_menu_social_hover_links_bg":"","ocean_menu_social_links_color":"","ocean_menu_social_hover_links_color":"","ocean_disable_title":"default","ocean_disable_heading":"default","ocean_post_title":"","ocean_post_subheading":"","ocean_post_title_style":"","ocean_post_title_background_color":"","ocean_post_title_background":0,"ocean_post_title_bg_image_position":"","ocean_post_title_bg_image_attachment":"","ocean_post_title_bg_image_repeat":"","ocean_post_title_bg_image_size":"","ocean_post_title_height":0,"ocean_post_title_bg_overlay":0.5,"ocean_post_title_bg_overlay_color":"","ocean_disable_breadcrumbs":"default","ocean_breadcrumbs_color":"","ocean_breadcrumbs_separator_color":"","ocean_breadcrumbs_links_color":"","ocean_breadcrumbs_links_hover_color":"","ocean_display_footer_widgets":"default","ocean_display_footer_bottom":"default","ocean_custom_footer_template":"","_joinchat":[],"footnotes":""},"class_list":["post-1644","page","type-page","status-publish","hentry","entry"],"yoast_head":"<!-- This site is optimized with the Yoast SEO plugin v27.5 - https:\/\/yoast.com\/product\/yoast-seo-wordpress\/ -->\n<title>Modalitati de plata\u200b - Cazare \u00een T\u00e2rgu Secueisc<\/title>\n<meta name=\"robots\" content=\"index, follow, max-snippet:-1, max-image-preview:large, max-video-preview:-1\" \/>\n<link rel=\"canonical\" href=\"https:\/\/targusecuiesc.eu\/hu\/fizetesi-modok\/\" \/>\n<meta property=\"og:locale\" content=\"hu_HU\" \/>\n<meta property=\"og:type\" content=\"article\" \/>\n<meta property=\"og:title\" content=\"Modalitati de plata\u200b - Cazare \u00een T\u00e2rgu Secueisc\" \/>\n<meta property=\"og:description\" content=\"Modalitati de plata Transfer bancar Plata cu cardul prin intermediul platformei EuPlatesc Tichet (card) de vacanta: Sodexo, Up Romania, Edenred Plati securizate, procesate prin EuPlatesc VivaWallet Plata experientelor online folosind card bancarse face in deplina siguranta prin intermediul platformei securizate EuPlatesc, VivaWallet. Pixel Guesthouse SRL nu proceseaza in nici un fel datele cardurilor clientilor, astfel [&hellip;]\" \/>\n<meta property=\"og:url\" content=\"https:\/\/targusecuiesc.eu\/hu\/fizetesi-modok\/\" \/>\n<meta property=\"og:site_name\" content=\"Cazare \u00een T\u00e2rgu Secueisc\" \/>\n<meta property=\"article:modified_time\" content=\"2025-05-30T13:50:24+00:00\" \/>\n<meta name=\"twitter:card\" content=\"summary_large_image\" \/>\n<meta name=\"twitter:label1\" content=\"Becs\u00fclt olvas\u00e1si id\u0151\" \/>\n\t<meta name=\"twitter:data1\" content=\"1 perc\" \/>\n<script type=\"application\/ld+json\" class=\"yoast-schema-graph\">{\"@context\":\"https:\\\/\\\/schema.org\",\"@graph\":[{\"@type\":\"WebPage\",\"@id\":\"https:\\\/\\\/targusecuiesc.eu\\\/modalitati-de-plata\\\/\",\"url\":\"https:\\\/\\\/targusecuiesc.eu\\\/modalitati-de-plata\\\/\",\"name\":\"Modalitati de plata\u200b - Cazare \u00een T\u00e2rgu Secueisc\",\"isPartOf\":{\"@id\":\"https:\\\/\\\/targusecuiesc.eu\\\/#website\"},\"datePublished\":\"2022-11-14T08:51:12+00:00\",\"dateModified\":\"2025-05-30T13:50:24+00:00\",\"breadcrumb\":{\"@id\":\"https:\\\/\\\/targusecuiesc.eu\\\/modalitati-de-plata\\\/#breadcrumb\"},\"inLanguage\":\"hu\",\"potentialAction\":[{\"@type\":\"ReadAction\",\"target\":[\"https:\\\/\\\/targusecuiesc.eu\\\/modalitati-de-plata\\\/\"]}]},{\"@type\":\"BreadcrumbList\",\"@id\":\"https:\\\/\\\/targusecuiesc.eu\\\/modalitati-de-plata\\\/#breadcrumb\",\"itemListElement\":[{\"@type\":\"ListItem\",\"position\":1,\"name\":\"Prima pagin\u0103\",\"item\":\"https:\\\/\\\/targusecuiesc.eu\\\/\"},{\"@type\":\"ListItem\",\"position\":2,\"name\":\"Modalitati de plata\u200b\"}]},{\"@type\":\"WebSite\",\"@id\":\"https:\\\/\\\/targusecuiesc.eu\\\/#website\",\"url\":\"https:\\\/\\\/targusecuiesc.eu\\\/\",\"name\":\"Cazare \u00een T\u00e2rgu Secueisc\",\"description\":\"Te afli \u00een c\u0103utarea unui loc potrivit de cazare \u00een T\u00e2rgu Secuiesc?\",\"publisher\":{\"@id\":\"https:\\\/\\\/targusecuiesc.eu\\\/#organization\"},\"alternateName\":\"Te afli in cautarea unui loc potrivit de cazare in Targu Secuiesc?\",\"potentialAction\":[{\"@type\":\"SearchAction\",\"target\":{\"@type\":\"EntryPoint\",\"urlTemplate\":\"https:\\\/\\\/targusecuiesc.eu\\\/?s={search_term_string}\"},\"query-input\":{\"@type\":\"PropertyValueSpecification\",\"valueRequired\":true,\"valueName\":\"search_term_string\"}}],\"inLanguage\":\"hu\"},{\"@type\":\"Organization\",\"@id\":\"https:\\\/\\\/targusecuiesc.eu\\\/#organization\",\"name\":\"Cazare \u00een T\u00e2rgu Secueisc\",\"alternateName\":\"Te afli in cautarea unui loc potrivit de cazare in Targu Secuiesc?\",\"url\":\"https:\\\/\\\/targusecuiesc.eu\\\/\",\"logo\":{\"@type\":\"ImageObject\",\"inLanguage\":\"hu\",\"@id\":\"https:\\\/\\\/targusecuiesc.eu\\\/#\\\/schema\\\/logo\\\/image\\\/\",\"url\":\"https:\\\/\\\/targusecuiesc.eu\\\/wp-content\\\/uploads\\\/2022\\\/05\\\/cropped-targu-secuiesc-1-e1653031917947.png\",\"contentUrl\":\"https:\\\/\\\/targusecuiesc.eu\\\/wp-content\\\/uploads\\\/2022\\\/05\\\/cropped-targu-secuiesc-1-e1653031917947.png\",\"width\":512,\"height\":512,\"caption\":\"Cazare \u00een T\u00e2rgu Secueisc\"},\"image\":{\"@id\":\"https:\\\/\\\/targusecuiesc.eu\\\/#\\\/schema\\\/logo\\\/image\\\/\"}}]}<\/script>\n<!-- \/ Yoast SEO plugin. -->","yoast_head_json":{"title":"Fizet\u00e9si felt\u00e9telek - Sz\u00e1ll\u00e1s T\u00e2rgu Secueiscban","robots":{"index":"index","follow":"follow","max-snippet":"max-snippet:-1","max-image-preview":"max-image-preview:large","max-video-preview":"max-video-preview:-1"},"canonical":"https:\/\/targusecuiesc.eu\/hu\/fizetesi-modok\/","og_locale":"hu_HU","og_type":"article","og_title":"Modalitati de plata\u200b - Cazare \u00een T\u00e2rgu Secueisc","og_description":"Modalitati de plata Transfer bancar Plata cu cardul prin intermediul platformei EuPlatesc Tichet (card) de vacanta: Sodexo, Up Romania, Edenred Plati securizate, procesate prin EuPlatesc VivaWallet Plata experientelor online folosind card bancarse face in deplina siguranta prin intermediul platformei securizate EuPlatesc, VivaWallet. Pixel Guesthouse SRL nu proceseaza in nici un fel datele cardurilor clientilor, astfel [&hellip;]","og_url":"https:\/\/targusecuiesc.eu\/hu\/fizetesi-modok\/","og_site_name":"Cazare \u00een T\u00e2rgu Secueisc","article_modified_time":"2025-05-30T13:50:24+00:00","twitter_card":"summary_large_image","twitter_misc":{"Becs\u00fclt olvas\u00e1si id\u0151":"1 perc"},"schema":{"@context":"https:\/\/schema.org","@graph":[{"@type":"WebPage","@id":"https:\/\/targusecuiesc.eu\/modalitati-de-plata\/","url":"https:\/\/targusecuiesc.eu\/modalitati-de-plata\/","name":"Fizet\u00e9si felt\u00e9telek - Sz\u00e1ll\u00e1s T\u00e2rgu Secueiscban","isPartOf":{"@id":"https:\/\/targusecuiesc.eu\/#website"},"datePublished":"2022-11-14T08:51:12+00:00","dateModified":"2025-05-30T13:50:24+00:00","breadcrumb":{"@id":"https:\/\/targusecuiesc.eu\/modalitati-de-plata\/#breadcrumb"},"inLanguage":"hu","potentialAction":[{"@type":"ReadAction","target":["https:\/\/targusecuiesc.eu\/modalitati-de-plata\/"]}]},{"@type":"BreadcrumbList","@id":"https:\/\/targusecuiesc.eu\/modalitati-de-plata\/#breadcrumb","itemListElement":[{"@type":"ListItem","position":1,"name":"Prima pagin\u0103","item":"https:\/\/targusecuiesc.eu\/"},{"@type":"ListItem","position":2,"name":"Modalitati de plata\u200b"}]},{"@type":"WebSite","@id":"https:\/\/targusecuiesc.eu\/#website","url":"https:\/\/targusecuiesc.eu\/","name":"Sz\u00e1ll\u00e1s K\u00e9zdiv\u00e1s\u00e1rhelyen","description":"Megfelel\u0151 sz\u00e1ll\u00e1st keres K\u00e9zdiv\u00e1s\u00e1rhelyen?","publisher":{"@id":"https:\/\/targusecuiesc.eu\/#organization"},"alternateName":"Te afli in cautarea unui loc potrivit de cazare in Targu Secuiesc?","potentialAction":[{"@type":"SearchAction","target":{"@type":"EntryPoint","urlTemplate":"https:\/\/targusecuiesc.eu\/?s={search_term_string}"},"query-input":{"@type":"PropertyValueSpecification","valueRequired":true,"valueName":"search_term_string"}}],"inLanguage":"hu"},{"@type":"Organization","@id":"https:\/\/targusecuiesc.eu\/#organization","name":"Sz\u00e1ll\u00e1s K\u00e9zdiv\u00e1s\u00e1rhelyen","alternateName":"Te afli in cautarea unui loc potrivit de cazare in Targu Secuiesc?","url":"https:\/\/targusecuiesc.eu\/","logo":{"@type":"ImageObject","inLanguage":"hu","@id":"https:\/\/targusecuiesc.eu\/#\/schema\/logo\/image\/","url":"https:\/\/targusecuiesc.eu\/wp-content\/uploads\/2022\/05\/cropped-targu-secuiesc-1-e1653031917947.png","contentUrl":"https:\/\/targusecuiesc.eu\/wp-content\/uploads\/2022\/05\/cropped-targu-secuiesc-1-e1653031917947.png","width":512,"height":512,"caption":"Cazare \u00een T\u00e2rgu Secueisc"},"image":{"@id":"https:\/\/targusecuiesc.eu\/#\/schema\/logo\/image\/"}}]}},"_links":{"self":[{"href":"https:\/\/targusecuiesc.eu\/hu\/wp-json\/wp\/v2\/pages\/1644","targetHints":{"allow":["GET"]}}],"collection":[{"href":"https:\/\/targusecuiesc.eu\/hu\/wp-json\/wp\/v2\/pages"}],"about":[{"href":"https:\/\/targusecuiesc.eu\/hu\/wp-json\/wp\/v2\/types\/page"}],"author":[{"embeddable":true,"href":"https:\/\/targusecuiesc.eu\/hu\/wp-json\/wp\/v2\/users\/1"}],"replies":[{"embeddable":true,"href":"https:\/\/targusecuiesc.eu\/hu\/wp-json\/wp\/v2\/comments?post=1644"}],"version-history":[{"count":0,"href":"https:\/\/targusecuiesc.eu\/hu\/wp-json\/wp\/v2\/pages\/1644\/revisions"}],"wp:attachment":[{"href":"https:\/\/targusecuiesc.eu\/hu\/wp-json\/wp\/v2\/media?parent=1644"}],"curies":[{"name":"wp","href":"https:\/\/api.w.org\/{rel}","templated":true}]}}