{"id":1644,"date":"2022-11-14T10:51:12","date_gmt":"2022-11-14T08:51:12","guid":{"rendered":"https:\/\/targusecuiesc.eu\/?page_id=1644"},"modified":"2025-05-30T16:50:24","modified_gmt":"2025-05-30T13:50:24","slug":"methods-of-payment","status":"publish","type":"page","link":"https:\/\/targusecuiesc.eu\/en\/modalitati-de-plata\/","title":{"rendered":"Methods of payment"},"content":{"rendered":"<h2>Methods of payment<\/h2>\n<ul>\n<li>Bank transfer<\/li>\n<li>Card payment via the EuPlatesc platform<\/li>\n<li><a href=\"https:\/\/targusecuiesc.eu\/en\/accommodation\/\">Holiday voucher (card)<\/a>: Sodexo, Up Romania, Edenred<\/li>\n<\/ul>\n<p><b>Secure payments processed through EuPlatesc VivaWallet<\/b><\/p>\n<p>Payment for online experiences using a credit card is done securely via the secure EuPlatesc platform, <b>VivaWallet<\/b>. Pixel Guesthouse SRL does not process in any way the data of the clients' cards, so for the correct completion of the transaction, you will be transferred to the EuPlatesc payment system, <b>VivaWallet<\/b> where you will securely enter the data required to authorise the transaction.<\/p>\n<p><strong>Cancellation policy<\/strong><\/p>\n<p>Oaspetele va fi taxat cu pre\u021bul total al rezerv\u0103rii dac\u0103 anuleaz\u0103 \u00een orice moment.<\/p>\n<p style=\"text-align: right;\">Dac\u0103 oaspetele nu se prezint\u0103, i se va percepe pre\u021bul total al avansului.<\/p>\n<p><span style=\"color: #333333; font-size: 18px; font-weight: 600;\"><br \/>\nCompany data:<\/span><\/p>\n<p><b>Pixel Guesthouse S.R.L.<\/b><\/p>\n<p><b>Address:<\/b>\u00a0Arany Jannos street, nr. 6, Targu Secuiesc<\/p>\n<p><b>Contact:<\/b>\u00a0pixelguesthouse@gmail.com<\/p>\n<p><b>CUI:\u00a0<\/b>44236845<\/p>","protected":false},"excerpt":{"rendered":"<p>Modalitati de plata Transfer bancar Plata cu cardul prin intermediul platformei EuPlatesc Tichet (card) de vacanta: Sodexo, Up Romania, Edenred Plati securizate, procesate prin EuPlatesc VivaWallet Plata experientelor online folosind card bancarse face in deplina siguranta prin intermediul platformei securizate EuPlatesc, VivaWallet. Pixel Guesthouse SRL nu proceseaza in nici un fel datele cardurilor clientilor, astfel [&hellip;]<\/p>\n","protected":false},"author":1,"featured_media":0,"parent":0,"menu_order":0,"comment_status":"closed","ping_status":"closed","template":"","meta":{"ocean_post_layout":"","ocean_both_sidebars_style":"","ocean_both_sidebars_content_width":0,"ocean_both_sidebars_sidebars_width":0,"ocean_sidebar":"","ocean_second_sidebar":"","ocean_disable_margins":"enable","ocean_add_body_class":"","ocean_shortcode_before_top_bar":"","ocean_shortcode_after_top_bar":"","ocean_shortcode_before_header":"","ocean_shortcode_after_header":"","ocean_has_shortcode":"","ocean_shortcode_after_title":"","ocean_shortcode_before_footer_widgets":"","ocean_shortcode_after_footer_widgets":"","ocean_shortcode_before_footer_bottom":"","ocean_shortcode_after_footer_bottom":"","ocean_display_top_bar":"default","ocean_display_header":"default","ocean_header_style":"","ocean_center_header_left_menu":"","ocean_custom_header_template":"","ocean_custom_logo":0,"ocean_custom_retina_logo":0,"ocean_custom_logo_max_width":0,"ocean_custom_logo_tablet_max_width":0,"ocean_custom_logo_mobile_max_width":0,"ocean_custom_logo_max_height":0,"ocean_custom_logo_tablet_max_height":0,"ocean_custom_logo_mobile_max_height":0,"ocean_header_custom_menu":"","ocean_menu_typo_font_family":"","ocean_menu_typo_font_subset":"","ocean_menu_typo_font_size":0,"ocean_menu_typo_font_size_tablet":0,"ocean_menu_typo_font_size_mobile":0,"ocean_menu_typo_font_size_unit":"px","ocean_menu_typo_font_weight":"","ocean_menu_typo_font_weight_tablet":"","ocean_menu_typo_font_weight_mobile":"","ocean_menu_typo_transform":"","ocean_menu_typo_transform_tablet":"","ocean_menu_typo_transform_mobile":"","ocean_menu_typo_line_height":0,"ocean_menu_typo_line_height_tablet":0,"ocean_menu_typo_line_height_mobile":0,"ocean_menu_typo_line_height_unit":"","ocean_menu_typo_spacing":0,"ocean_menu_typo_spacing_tablet":0,"ocean_menu_typo_spacing_mobile":0,"ocean_menu_typo_spacing_unit":"","ocean_menu_link_color":"","ocean_menu_link_color_hover":"","ocean_menu_link_color_active":"","ocean_menu_link_background":"","ocean_menu_link_hover_background":"","ocean_menu_link_active_background":"","ocean_menu_social_links_bg":"","ocean_menu_social_hover_links_bg":"","ocean_menu_social_links_color":"","ocean_menu_social_hover_links_color":"","ocean_disable_title":"default","ocean_disable_heading":"default","ocean_post_title":"","ocean_post_subheading":"","ocean_post_title_style":"","ocean_post_title_background_color":"","ocean_post_title_background":0,"ocean_post_title_bg_image_position":"","ocean_post_title_bg_image_attachment":"","ocean_post_title_bg_image_repeat":"","ocean_post_title_bg_image_size":"","ocean_post_title_height":0,"ocean_post_title_bg_overlay":0.5,"ocean_post_title_bg_overlay_color":"","ocean_disable_breadcrumbs":"default","ocean_breadcrumbs_color":"","ocean_breadcrumbs_separator_color":"","ocean_breadcrumbs_links_color":"","ocean_breadcrumbs_links_hover_color":"","ocean_display_footer_widgets":"default","ocean_display_footer_bottom":"default","ocean_custom_footer_template":"","_joinchat":[],"footnotes":""},"class_list":["post-1644","page","type-page","status-publish","hentry","entry"],"yoast_head":"<!-- This site is optimized with the Yoast SEO plugin v27.3 - https:\/\/yoast.com\/product\/yoast-seo-wordpress\/ -->\n<title>Modalitati de plata\u200b - Cazare \u00een T\u00e2rgu Secueisc<\/title>\n<meta name=\"robots\" content=\"index, follow, max-snippet:-1, max-image-preview:large, max-video-preview:-1\" \/>\n<link rel=\"canonical\" href=\"https:\/\/targusecuiesc.eu\/en\/methods-of-payment\/\" \/>\n<meta property=\"og:locale\" content=\"en_GB\" \/>\n<meta property=\"og:type\" content=\"article\" \/>\n<meta property=\"og:title\" content=\"Modalitati de plata\u200b - Cazare \u00een T\u00e2rgu Secueisc\" \/>\n<meta property=\"og:description\" content=\"Modalitati de plata Transfer bancar Plata cu cardul prin intermediul platformei EuPlatesc Tichet (card) de vacanta: Sodexo, Up Romania, Edenred Plati securizate, procesate prin EuPlatesc VivaWallet Plata experientelor online folosind card bancarse face in deplina siguranta prin intermediul platformei securizate EuPlatesc, VivaWallet. Pixel Guesthouse SRL nu proceseaza in nici un fel datele cardurilor clientilor, astfel [&hellip;]\" \/>\n<meta property=\"og:url\" content=\"https:\/\/targusecuiesc.eu\/en\/methods-of-payment\/\" \/>\n<meta property=\"og:site_name\" content=\"Cazare \u00een T\u00e2rgu Secueisc\" \/>\n<meta property=\"article:modified_time\" content=\"2025-05-30T13:50:24+00:00\" \/>\n<meta name=\"twitter:card\" content=\"summary_large_image\" \/>\n<meta name=\"twitter:label1\" content=\"Estimated reading time\" \/>\n\t<meta name=\"twitter:data1\" content=\"1 minute\" \/>\n<script type=\"application\/ld+json\" class=\"yoast-schema-graph\">{\"@context\":\"https:\\\/\\\/schema.org\",\"@graph\":[{\"@type\":\"WebPage\",\"@id\":\"https:\\\/\\\/targusecuiesc.eu\\\/modalitati-de-plata\\\/\",\"url\":\"https:\\\/\\\/targusecuiesc.eu\\\/modalitati-de-plata\\\/\",\"name\":\"Modalitati de plata\u200b - Cazare \u00een T\u00e2rgu Secueisc\",\"isPartOf\":{\"@id\":\"https:\\\/\\\/targusecuiesc.eu\\\/#website\"},\"datePublished\":\"2022-11-14T08:51:12+00:00\",\"dateModified\":\"2025-05-30T13:50:24+00:00\",\"breadcrumb\":{\"@id\":\"https:\\\/\\\/targusecuiesc.eu\\\/modalitati-de-plata\\\/#breadcrumb\"},\"inLanguage\":\"en-GB\",\"potentialAction\":[{\"@type\":\"ReadAction\",\"target\":[\"https:\\\/\\\/targusecuiesc.eu\\\/modalitati-de-plata\\\/\"]}]},{\"@type\":\"BreadcrumbList\",\"@id\":\"https:\\\/\\\/targusecuiesc.eu\\\/modalitati-de-plata\\\/#breadcrumb\",\"itemListElement\":[{\"@type\":\"ListItem\",\"position\":1,\"name\":\"Prima pagin\u0103\",\"item\":\"https:\\\/\\\/targusecuiesc.eu\\\/\"},{\"@type\":\"ListItem\",\"position\":2,\"name\":\"Modalitati de plata\u200b\"}]},{\"@type\":\"WebSite\",\"@id\":\"https:\\\/\\\/targusecuiesc.eu\\\/#website\",\"url\":\"https:\\\/\\\/targusecuiesc.eu\\\/\",\"name\":\"Cazare \u00een T\u00e2rgu Secueisc\",\"description\":\"Te afli \u00een c\u0103utarea unui loc potrivit de cazare \u00een T\u00e2rgu Secuiesc?\",\"publisher\":{\"@id\":\"https:\\\/\\\/targusecuiesc.eu\\\/#organization\"},\"alternateName\":\"Te afli in cautarea unui loc potrivit de cazare in Targu Secuiesc?\",\"potentialAction\":[{\"@type\":\"SearchAction\",\"target\":{\"@type\":\"EntryPoint\",\"urlTemplate\":\"https:\\\/\\\/targusecuiesc.eu\\\/?s={search_term_string}\"},\"query-input\":{\"@type\":\"PropertyValueSpecification\",\"valueRequired\":true,\"valueName\":\"search_term_string\"}}],\"inLanguage\":\"en-GB\"},{\"@type\":\"Organization\",\"@id\":\"https:\\\/\\\/targusecuiesc.eu\\\/#organization\",\"name\":\"Cazare \u00een T\u00e2rgu Secueisc\",\"alternateName\":\"Te afli in cautarea unui loc potrivit de cazare in Targu Secuiesc?\",\"url\":\"https:\\\/\\\/targusecuiesc.eu\\\/\",\"logo\":{\"@type\":\"ImageObject\",\"inLanguage\":\"en-GB\",\"@id\":\"https:\\\/\\\/targusecuiesc.eu\\\/#\\\/schema\\\/logo\\\/image\\\/\",\"url\":\"https:\\\/\\\/targusecuiesc.eu\\\/wp-content\\\/uploads\\\/2022\\\/05\\\/cropped-targu-secuiesc-1-e1653031917947.png\",\"contentUrl\":\"https:\\\/\\\/targusecuiesc.eu\\\/wp-content\\\/uploads\\\/2022\\\/05\\\/cropped-targu-secuiesc-1-e1653031917947.png\",\"width\":512,\"height\":512,\"caption\":\"Cazare \u00een T\u00e2rgu Secueisc\"},\"image\":{\"@id\":\"https:\\\/\\\/targusecuiesc.eu\\\/#\\\/schema\\\/logo\\\/image\\\/\"}}]}<\/script>\n<!-- \/ Yoast SEO plugin. -->","yoast_head_json":{"title":"Terms of payment - Accommodation in T\u00e2rgu Secueisc","robots":{"index":"index","follow":"follow","max-snippet":"max-snippet:-1","max-image-preview":"max-image-preview:large","max-video-preview":"max-video-preview:-1"},"canonical":"https:\/\/targusecuiesc.eu\/en\/methods-of-payment\/","og_locale":"en_GB","og_type":"article","og_title":"Modalitati de plata\u200b - Cazare \u00een T\u00e2rgu Secueisc","og_description":"Modalitati de plata Transfer bancar Plata cu cardul prin intermediul platformei EuPlatesc Tichet (card) de vacanta: Sodexo, Up Romania, Edenred Plati securizate, procesate prin EuPlatesc VivaWallet Plata experientelor online folosind card bancarse face in deplina siguranta prin intermediul platformei securizate EuPlatesc, VivaWallet. Pixel Guesthouse SRL nu proceseaza in nici un fel datele cardurilor clientilor, astfel [&hellip;]","og_url":"https:\/\/targusecuiesc.eu\/en\/methods-of-payment\/","og_site_name":"Cazare \u00een T\u00e2rgu Secueisc","article_modified_time":"2025-05-30T13:50:24+00:00","twitter_card":"summary_large_image","twitter_misc":{"Estimated reading time":"1 minute"},"schema":{"@context":"https:\/\/schema.org","@graph":[{"@type":"WebPage","@id":"https:\/\/targusecuiesc.eu\/modalitati-de-plata\/","url":"https:\/\/targusecuiesc.eu\/modalitati-de-plata\/","name":"Terms of payment - Accommodation in T\u00e2rgu Secueisc","isPartOf":{"@id":"https:\/\/targusecuiesc.eu\/#website"},"datePublished":"2022-11-14T08:51:12+00:00","dateModified":"2025-05-30T13:50:24+00:00","breadcrumb":{"@id":"https:\/\/targusecuiesc.eu\/modalitati-de-plata\/#breadcrumb"},"inLanguage":"en-GB","potentialAction":[{"@type":"ReadAction","target":["https:\/\/targusecuiesc.eu\/modalitati-de-plata\/"]}]},{"@type":"BreadcrumbList","@id":"https:\/\/targusecuiesc.eu\/modalitati-de-plata\/#breadcrumb","itemListElement":[{"@type":"ListItem","position":1,"name":"Prima pagin\u0103","item":"https:\/\/targusecuiesc.eu\/"},{"@type":"ListItem","position":2,"name":"Modalitati de plata\u200b"}]},{"@type":"WebSite","@id":"https:\/\/targusecuiesc.eu\/#website","url":"https:\/\/targusecuiesc.eu\/","name":"Accommodation in T\u00e2rgu Secueisc","description":"Are you looking for a suitable accommodation in Targu Secuiesc?","publisher":{"@id":"https:\/\/targusecuiesc.eu\/#organization"},"alternateName":"Te afli in cautarea unui loc potrivit de cazare in Targu Secuiesc?","potentialAction":[{"@type":"SearchAction","target":{"@type":"EntryPoint","urlTemplate":"https:\/\/targusecuiesc.eu\/?s={search_term_string}"},"query-input":{"@type":"PropertyValueSpecification","valueRequired":true,"valueName":"search_term_string"}}],"inLanguage":"en-GB"},{"@type":"Organization","@id":"https:\/\/targusecuiesc.eu\/#organization","name":"Accommodation in T\u00e2rgu Secueisc","alternateName":"Te afli in cautarea unui loc potrivit de cazare in Targu Secuiesc?","url":"https:\/\/targusecuiesc.eu\/","logo":{"@type":"ImageObject","inLanguage":"en-GB","@id":"https:\/\/targusecuiesc.eu\/#\/schema\/logo\/image\/","url":"https:\/\/targusecuiesc.eu\/wp-content\/uploads\/2022\/05\/cropped-targu-secuiesc-1-e1653031917947.png","contentUrl":"https:\/\/targusecuiesc.eu\/wp-content\/uploads\/2022\/05\/cropped-targu-secuiesc-1-e1653031917947.png","width":512,"height":512,"caption":"Cazare \u00een T\u00e2rgu Secueisc"},"image":{"@id":"https:\/\/targusecuiesc.eu\/#\/schema\/logo\/image\/"}}]}},"_links":{"self":[{"href":"https:\/\/targusecuiesc.eu\/en\/wp-json\/wp\/v2\/pages\/1644","targetHints":{"allow":["GET"]}}],"collection":[{"href":"https:\/\/targusecuiesc.eu\/en\/wp-json\/wp\/v2\/pages"}],"about":[{"href":"https:\/\/targusecuiesc.eu\/en\/wp-json\/wp\/v2\/types\/page"}],"author":[{"embeddable":true,"href":"https:\/\/targusecuiesc.eu\/en\/wp-json\/wp\/v2\/users\/1"}],"replies":[{"embeddable":true,"href":"https:\/\/targusecuiesc.eu\/en\/wp-json\/wp\/v2\/comments?post=1644"}],"version-history":[{"count":0,"href":"https:\/\/targusecuiesc.eu\/en\/wp-json\/wp\/v2\/pages\/1644\/revisions"}],"wp:attachment":[{"href":"https:\/\/targusecuiesc.eu\/en\/wp-json\/wp\/v2\/media?parent=1644"}],"curies":[{"name":"wp","href":"https:\/\/api.w.org\/{rel}","templated":true}]}}